{"id":1337,"date":"2023-03-29T09:44:16","date_gmt":"2023-03-29T07:44:16","guid":{"rendered":"https:\/\/jvpgroupe.com\/?page_id=1337"},"modified":"2023-12-27T16:51:03","modified_gmt":"2023-12-27T15:51:03","slug":"mentions","status":"publish","type":"page","link":"https:\/\/jvpgroupe.com\/en\/mentions\/","title":{"rendered":"Legal Notice"},"content":{"rendered":"\t\t<div data-elementor-type=\"wp-page\" data-elementor-id=\"1337\" class=\"elementor elementor-1337\" data-elementor-post-type=\"page\">\n\t\t\t\t\t\t<section class=\"elementor-section elementor-top-section elementor-element elementor-element-3ca9cb92 elementor-section-height-min-height elementor-section-boxed elementor-section-height-default elementor-section-items-middle\" data-id=\"3ca9cb92\" data-element_type=\"section\" data-e-type=\"section\" data-settings=\"{&quot;background_background&quot;:&quot;classic&quot;,&quot;background_motion_fx_motion_fx_scrolling&quot;:&quot;yes&quot;,&quot;background_motion_fx_devices&quot;:[&quot;desktop&quot;,&quot;tablet&quot;,&quot;mobile&quot;]}\">\n\t\t\t\t\t\t\t<div class=\"elementor-background-overlay\"><\/div>\n\t\t\t\t\t\t\t<div class=\"elementor-container elementor-column-gap-default\">\n\t\t\t\t\t<div class=\"elementor-column elementor-col-100 elementor-top-column elementor-element elementor-element-23de42c\" data-id=\"23de42c\" data-element_type=\"column\" data-e-type=\"column\">\n\t\t\t<div class=\"elementor-widget-wrap elementor-element-populated\">\n\t\t\t\t\t\t<div class=\"elementor-element elementor-element-134a76a3 elementor-invisible elementor-widget elementor-widget-heading\" data-id=\"134a76a3\" data-element_type=\"widget\" data-e-type=\"widget\" data-settings=\"{&quot;_animation&quot;:&quot;fadeIn&quot;}\" data-widget_type=\"heading.default\">\n\t\t\t\t<div class=\"elementor-widget-container\">\n\t\t\t\t\t<h2 class=\"elementor-heading-title elementor-size-default\">Mentions l\u00e9gales\u200b<\/h2>\t\t\t\t<\/div>\n\t\t\t\t<\/div>\n\t\t\t\t\t<\/div>\n\t\t<\/div>\n\t\t\t\t\t<\/div>\n\t\t<\/section>\n\t\t\t\t<section class=\"elementor-section elementor-top-section elementor-element elementor-element-676a6de elementor-section-boxed elementor-section-height-default elementor-section-height-default\" data-id=\"676a6de\" data-element_type=\"section\" data-e-type=\"section\" data-settings=\"{&quot;background_background&quot;:&quot;gradient&quot;}\">\n\t\t\t\t\t\t\t<div class=\"elementor-background-overlay\"><\/div>\n\t\t\t\t\t\t\t<div class=\"elementor-container elementor-column-gap-default\">\n\t\t\t\t\t<div class=\"elementor-column elementor-col-100 elementor-top-column elementor-element elementor-element-7c25764f\" data-id=\"7c25764f\" data-element_type=\"column\" data-e-type=\"column\">\n\t\t\t<div class=\"elementor-widget-wrap elementor-element-populated\">\n\t\t\t\t\t\t<div class=\"elementor-element elementor-element-1803909 elementor-invisible elementor-widget elementor-widget-heading\" data-id=\"1803909\" data-element_type=\"widget\" data-e-type=\"widget\" data-settings=\"{&quot;_animation&quot;:&quot;fadeIn&quot;,&quot;_animation_delay&quot;:200}\" data-widget_type=\"heading.default\">\n\t\t\t\t<div class=\"elementor-widget-container\">\n\t\t\t\t\t<h2 class=\"elementor-heading-title elementor-size-default\">Mentions l\u00e9gales<\/h2>\t\t\t\t<\/div>\n\t\t\t\t<\/div>\n\t\t\t\t<div class=\"elementor-element elementor-element-6e92f83c elementor-invisible elementor-widget elementor-widget-text-editor\" data-id=\"6e92f83c\" data-element_type=\"widget\" data-e-type=\"widget\" data-settings=\"{&quot;_animation&quot;:&quot;fadeIn&quot;,&quot;_animation_delay&quot;:400}\" data-widget_type=\"text-editor.default\">\n\t\t\t\t<div class=\"elementor-widget-container\">\n\t\t\t\t\t\t\t\t\t<p><u>PROPRI\u00c9T\u00c9 DU SITE<\/u><\/p><p>Le pr\u00e9sent site est la propri\u00e9t\u00e9 de la S.A.M. GROUPE PASTOR<\/p><p>Toute modification ou contenu suppl\u00e9mentaire qui seront int\u00e9gr\u00e9s sur ce site seront soumis aux pr\u00e9sentes conditions. Les pr\u00e9sentes mentions sont traduites \u00e0 titre indicatif, en cas de divergence seul le texte en fran\u00e7ais fait foi.<\/p><p><u>SI\u00c8GE DU PROPRIETAIRE DU SITE<\/u><\/p><p>S.A.M. GROUPE PASTOR 31 Avenue Princesse Charlotte \u00a098000 MONACO<\/p><p>\u00a0<\/p><p>Responsable de Publication\u00a0: Monsieur Jean-Victor PASTOR<\/p><p>31 Avenue Princesse Charlotte \u00a098000 MONACO<\/p><p>T\u00e9l. +377 92 00 12 15<br \/>E-mail\u00a0: c<u>ontact@jvpastor.mc<\/u><\/p><p>\u00a0<\/p>\t\t\t\t\t\t\t\t<\/div>\n\t\t\t\t<\/div>\n\t\t\t\t<div class=\"elementor-element elementor-element-48b6787e elementor-widget elementor-widget-spacer\" data-id=\"48b6787e\" data-element_type=\"widget\" data-e-type=\"widget\" data-widget_type=\"spacer.default\">\n\t\t\t\t<div class=\"elementor-widget-container\">\n\t\t\t\t\t\t\t<div class=\"elementor-spacer\">\n\t\t\t<div class=\"elementor-spacer-inner\"><\/div>\n\t\t<\/div>\n\t\t\t\t\t\t<\/div>\n\t\t\t\t<\/div>\n\t\t\t\t<div class=\"elementor-element elementor-element-49aff2e5 elementor-widget elementor-widget-spacer\" data-id=\"49aff2e5\" data-element_type=\"widget\" data-e-type=\"widget\" data-widget_type=\"spacer.default\">\n\t\t\t\t<div class=\"elementor-widget-container\">\n\t\t\t\t\t\t\t<div class=\"elementor-spacer\">\n\t\t\t<div class=\"elementor-spacer-inner\"><\/div>\n\t\t<\/div>\n\t\t\t\t\t\t<\/div>\n\t\t\t\t<\/div>\n\t\t\t\t\t<\/div>\n\t\t<\/div>\n\t\t\t\t\t<\/div>\n\t\t<\/section>\n\t\t\t\t<\/div>\n\t\t","protected":false},"excerpt":{"rendered":"<p>Mentions l\u00e9gales\u200b Mentions l\u00e9gales PROPRI\u00c9T\u00c9 DU SITE Le pr\u00e9sent site est la propri\u00e9t\u00e9 de la S.A.M. GROUPE PASTOR Toute modification ou contenu suppl\u00e9mentaire qui seront int\u00e9gr\u00e9s sur ce site seront soumis aux pr\u00e9sentes conditions. Les pr\u00e9sentes mentions sont traduites \u00e0 titre indicatif, en cas de divergence seul le texte en fran\u00e7ais fait foi. SI\u00c8GE DU [&hellip;]<\/p>\n","protected":false},"author":5,"featured_media":0,"parent":0,"menu_order":0,"comment_status":"closed","ping_status":"closed","template":"","meta":{"footnotes":""},"class_list":["post-1337","page","type-page","status-publish","hentry"],"_links":{"self":[{"href":"https:\/\/jvpgroupe.com\/en\/wp-json\/wp\/v2\/pages\/1337","targetHints":{"allow":["GET"]}}],"collection":[{"href":"https:\/\/jvpgroupe.com\/en\/wp-json\/wp\/v2\/pages"}],"about":[{"href":"https:\/\/jvpgroupe.com\/en\/wp-json\/wp\/v2\/types\/page"}],"author":[{"embeddable":true,"href":"https:\/\/jvpgroupe.com\/en\/wp-json\/wp\/v2\/users\/5"}],"replies":[{"embeddable":true,"href":"https:\/\/jvpgroupe.com\/en\/wp-json\/wp\/v2\/comments?post=1337"}],"version-history":[{"count":3,"href":"https:\/\/jvpgroupe.com\/en\/wp-json\/wp\/v2\/pages\/1337\/revisions"}],"predecessor-version":[{"id":61161,"href":"https:\/\/jvpgroupe.com\/en\/wp-json\/wp\/v2\/pages\/1337\/revisions\/61161"}],"wp:attachment":[{"href":"https:\/\/jvpgroupe.com\/en\/wp-json\/wp\/v2\/media?parent=1337"}],"curies":[{"name":"wp","href":"https:\/\/api.w.org\/{rel}","templated":true}]}}