{"id":348394,"date":"2025-02-03T10:21:30","date_gmt":"2025-02-03T09:21:30","guid":{"rendered":"https:\/\/jvpgroupe.com\/?page_id=348394"},"modified":"2025-03-12T15:19:10","modified_gmt":"2025-03-12T14:19:10","slug":"construction","status":"publish","type":"page","link":"https:\/\/jvpgroupe.com\/en\/construction\/","title":{"rendered":"Construction"},"content":{"rendered":"<div data-elementor-type=\"wp-page\" data-elementor-id=\"348394\" class=\"elementor elementor-348394\" data-elementor-post-type=\"page\">\n\t\t\t\t\t\t<section class=\"elementor-section elementor-top-section elementor-element elementor-element-282b637a elementor-section-boxed elementor-section-height-default elementor-section-height-default\" data-id=\"282b637a\" data-element_type=\"section\" data-e-type=\"section\" data-settings=\"{&quot;background_background&quot;:&quot;classic&quot;}\">\n\t\t\t\t\t\t\t<div class=\"elementor-background-overlay\"><\/div>\n\t\t\t\t\t\t\t<div class=\"elementor-container elementor-column-gap-default\">\n\t\t\t\t\t<div class=\"elementor-column elementor-col-100 elementor-top-column elementor-element elementor-element-7b6bbe6b\" data-id=\"7b6bbe6b\" data-element_type=\"column\" data-e-type=\"column\">\n\t\t\t<div class=\"elementor-widget-wrap elementor-element-populated\">\n\t\t\t\t\t\t<div class=\"elementor-element elementor-element-bdc4463 elementor-widget elementor-widget-heading\" data-id=\"bdc4463\" data-element_type=\"widget\" data-e-type=\"widget\" data-widget_type=\"heading.default\">\n\t\t\t\t<div class=\"elementor-widget-container\">\n\t\t\t\t\t<h2 class=\"elementor-heading-title elementor-size-default\">construction<\/h2>\t\t\t\t<\/div>\n\t\t\t\t<\/div>\n\t\t\t\t<div class=\"elementor-element elementor-element-5dbcfbb8 elementor-widget elementor-widget-spacer\" data-id=\"5dbcfbb8\" data-element_type=\"widget\" data-e-type=\"widget\" data-widget_type=\"spacer.default\">\n\t\t\t\t<div class=\"elementor-widget-container\">\n\t\t\t\t\t\t\t<div class=\"elementor-spacer\">\n\t\t\t<div class=\"elementor-spacer-inner\"><\/div>\n\t\t<\/div>\n\t\t\t\t\t\t<\/div>\n\t\t\t\t<\/div>\n\t\t\t\t<section class=\"elementor-section elementor-inner-section elementor-element elementor-element-10b6349d elementor-section-boxed elementor-section-height-default elementor-section-height-default\" data-id=\"10b6349d\" data-element_type=\"section\" data-e-type=\"section\">\n\t\t\t\t\t\t<div class=\"elementor-container elementor-column-gap-default\">\n\t\t\t\t\t<div class=\"elementor-column elementor-col-100 elementor-inner-column elementor-element elementor-element-290fefe8\" data-id=\"290fefe8\" data-element_type=\"column\" data-e-type=\"column\" data-settings=\"{&quot;background_background&quot;:&quot;classic&quot;}\">\n\t\t\t<div class=\"elementor-widget-wrap elementor-element-populated\">\n\t\t\t\t\t\t<div class=\"elementor-element elementor-element-371f8f7e elementor-widget elementor-widget-spacer\" data-id=\"371f8f7e\" data-element_type=\"widget\" data-e-type=\"widget\" data-widget_type=\"spacer.default\">\n\t\t\t\t<div class=\"elementor-widget-container\">\n\t\t\t\t\t\t\t<div class=\"elementor-spacer\">\n\t\t\t<div class=\"elementor-spacer-inner\"><\/div>\n\t\t<\/div>\n\t\t\t\t\t\t<\/div>\n\t\t\t\t<\/div>\n\t\t\t\t<div class=\"elementor-element elementor-element-1bc7c78f elementor-invisible elementor-widget elementor-widget-image\" data-id=\"1bc7c78f\" data-element_type=\"widget\" data-e-type=\"widget\" data-settings=\"{&quot;_animation&quot;:&quot;slideInUp&quot;}\" data-widget_type=\"image.default\">\n\t\t\t\t<div class=\"elementor-widget-container\">\n\t\t\t\t\t\t\t\t\t\t\t\t\t\t\t\t<a href=\"https:\/\/gp-construction.com\/\">\n\t\t\t\t\t\t\t<img fetchpriority=\"high\" decoding=\"async\" width=\"300\" height=\"200\" src=\"https:\/\/jvpgroupe.com\/wp-content\/uploads\/2025\/02\/Nouveau-logo_GP-construction-300x200.png\" class=\"attachment-medium size-medium wp-image-348409\" alt=\"\" srcset=\"https:\/\/jvpgroupe.com\/wp-content\/uploads\/2025\/02\/Nouveau-logo_GP-construction-300x200.png 300w, https:\/\/jvpgroupe.com\/wp-content\/uploads\/2025\/02\/Nouveau-logo_GP-construction-1024x683.png 1024w, https:\/\/jvpgroupe.com\/wp-content\/uploads\/2025\/02\/Nouveau-logo_GP-construction-768x512.png 768w, https:\/\/jvpgroupe.com\/wp-content\/uploads\/2025\/02\/Nouveau-logo_GP-construction-18x12.png 18w, https:\/\/jvpgroupe.com\/wp-content\/uploads\/2025\/02\/Nouveau-logo_GP-construction.png 1210w\" sizes=\"(max-width: 300px) 100vw, 300px\" \/>\t\t\t\t\t\t\t\t<\/a>\n\t\t\t\t\t\t\t\t\t\t\t\t\t\t\t<\/div>\n\t\t\t\t<\/div>\n\t\t\t\t<div class=\"elementor-element elementor-element-18162cd8 elementor-widget elementor-widget-text-editor\" data-id=\"18162cd8\" data-element_type=\"widget\" data-e-type=\"widget\" data-widget_type=\"text-editor.default\">\n\t\t\t\t<div class=\"elementor-widget-container\">\n\t\t\t\t\t\t\t\t\t<p>GP CONSTRUCTION, founded in 1994 in Monaco, is a company specialized in construction and renovation on the C\u00f4te d\u2019Azur and in the Principality, with over 30 years of experience and a team of 110 employees. Renowned for its expertise and commitment to quality, it supports an international clientele at every stage of their projects, from design to completion, ensuring personalized follow-up and a lasting relationship of trust.<\/p>\t\t\t\t\t\t\t\t<\/div>\n\t\t\t\t<\/div>\n\t\t\t\t<div class=\"elementor-element elementor-element-85697f5 elementor-align-center elementor-widget elementor-widget-button\" data-id=\"85697f5\" data-element_type=\"widget\" data-e-type=\"widget\" data-widget_type=\"button.default\">\n\t\t\t\t<div class=\"elementor-widget-container\">\n\t\t\t\t\t\t\t\t\t<div class=\"elementor-button-wrapper\">\n\t\t\t\t\t<a class=\"elementor-button elementor-button-link elementor-size-sm\" href=\"https:\/\/gp-construction.com\/\">\n\t\t\t\t\t\t<span class=\"elementor-button-content-wrapper\">\n\t\t\t\t\t\t\t\t\t<span class=\"elementor-button-text\">See More<\/span>\n\t\t\t\t\t<\/span>\n\t\t\t\t\t<\/a>\n\t\t\t\t<\/div>\n\t\t\t\t\t\t\t\t<\/div>\n\t\t\t\t<\/div>\n\t\t\t\t\t<\/div>\n\t\t<\/div>\n\t\t\t\t\t<\/div>\n\t\t<\/section>\n\t\t\t\t\t<\/div>\n\t\t<\/div>\n\t\t\t\t\t<\/div>\n\t\t<\/section>\n\t\t\t\t<\/div>","protected":false},"excerpt":{"rendered":"<p>construction GP CONSTRUCTION, fond\u00e9e en 1994 \u00e0 Monaco, est une entreprise sp\u00e9cialis\u00e9e dans la construction et la r\u00e9novation sur la C\u00f4te d\u2019Azur et la Principaut\u00e9, avec plus de 30 ans d\u2019exp\u00e9rience et une \u00e9quipe de 110 collaborateurs. Reconnue pour son savoir-faire et son exigence de qualit\u00e9, elle accompagne une client\u00e8le internationale \u00e0 chaque \u00e9tape de [&hellip;]<\/p>\n","protected":false},"author":5,"featured_media":0,"parent":0,"menu_order":0,"comment_status":"closed","ping_status":"closed","template":"","meta":{"footnotes":""},"class_list":["post-348394","page","type-page","status-publish","hentry"],"_links":{"self":[{"href":"https:\/\/jvpgroupe.com\/en\/wp-json\/wp\/v2\/pages\/348394","targetHints":{"allow":["GET"]}}],"collection":[{"href":"https:\/\/jvpgroupe.com\/en\/wp-json\/wp\/v2\/pages"}],"about":[{"href":"https:\/\/jvpgroupe.com\/en\/wp-json\/wp\/v2\/types\/page"}],"author":[{"embeddable":true,"href":"https:\/\/jvpgroupe.com\/en\/wp-json\/wp\/v2\/users\/5"}],"replies":[{"embeddable":true,"href":"https:\/\/jvpgroupe.com\/en\/wp-json\/wp\/v2\/comments?post=348394"}],"version-history":[{"count":19,"href":"https:\/\/jvpgroupe.com\/en\/wp-json\/wp\/v2\/pages\/348394\/revisions"}],"predecessor-version":[{"id":385947,"href":"https:\/\/jvpgroupe.com\/en\/wp-json\/wp\/v2\/pages\/348394\/revisions\/385947"}],"wp:attachment":[{"href":"https:\/\/jvpgroupe.com\/en\/wp-json\/wp\/v2\/media?parent=348394"}],"curies":[{"name":"wp","href":"https:\/\/api.w.org\/{rel}","templated":true}]}}