{"id":349650,"date":"2025-02-05T14:33:36","date_gmt":"2025-02-05T13:33:36","guid":{"rendered":"https:\/\/jvpgroupe.com\/?page_id=349650"},"modified":"2025-05-26T11:16:14","modified_gmt":"2025-05-26T09:16:14","slug":"manufactures","status":"publish","type":"page","link":"https:\/\/jvpgroupe.com\/en\/manufactures\/","title":{"rendered":"Manufactures"},"content":{"rendered":"<div data-elementor-type=\"wp-page\" data-elementor-id=\"349650\" class=\"elementor elementor-349650\" data-elementor-post-type=\"page\">\n\t\t\t\t\t\t<section class=\"elementor-section elementor-top-section elementor-element elementor-element-138bdb40 elementor-section-boxed elementor-section-height-default elementor-section-height-default\" data-id=\"138bdb40\" data-element_type=\"section\" data-e-type=\"section\" data-settings=\"{&quot;background_background&quot;:&quot;video&quot;}\">\n\t\t\t\t\t\t\t<div class=\"elementor-background-overlay\"><\/div>\n\t\t\t\t\t\t\t<div class=\"elementor-container elementor-column-gap-default\">\n\t\t\t\t\t<div class=\"elementor-column elementor-col-100 elementor-top-column elementor-element elementor-element-10f39dc8\" data-id=\"10f39dc8\" data-element_type=\"column\" data-e-type=\"column\">\n\t\t\t<div class=\"elementor-widget-wrap elementor-element-populated\">\n\t\t\t\t\t\t<div class=\"elementor-element elementor-element-7acffe43 elementor-widget elementor-widget-heading\" data-id=\"7acffe43\" data-element_type=\"widget\" data-e-type=\"widget\" data-widget_type=\"heading.default\">\n\t\t\t\t<div class=\"elementor-widget-container\">\n\t\t\t\t\t<h2 class=\"elementor-heading-title elementor-size-default\">MANUFACTURES<\/h2>\t\t\t\t<\/div>\n\t\t\t\t<\/div>\n\t\t\t\t<div class=\"elementor-element elementor-element-2f3ce9e elementor-widget elementor-widget-heading\" data-id=\"2f3ce9e\" data-element_type=\"widget\" data-e-type=\"widget\" data-widget_type=\"heading.default\">\n\t\t\t\t<div class=\"elementor-widget-container\">\n\t\t\t\t\t<h2 class=\"elementor-heading-title elementor-size-default\">JV Pastor Groupe proudly presents its signature manufactures, Maison Vertueux and Maya Moki. \n<\/br> Maison Vertueux crafts exceptional chocolates using rare, carefully sourced ingredients, while Maya Moki reinvents the Japanese mochi with refined ice cream creations. Together, they reflect our dedication to quality and craftsmanship.<\/h2>\t\t\t\t<\/div>\n\t\t\t\t<\/div>\n\t\t\t\t<section class=\"elementor-section elementor-inner-section elementor-element elementor-element-70a149a8 elementor-section-boxed elementor-section-height-default elementor-section-height-default\" data-id=\"70a149a8\" data-element_type=\"section\" data-e-type=\"section\">\n\t\t\t\t\t\t<div class=\"elementor-container elementor-column-gap-default\">\n\t\t\t\t\t<div class=\"elementor-column elementor-col-50 elementor-inner-column elementor-element elementor-element-1fa3cdfa\" data-id=\"1fa3cdfa\" data-element_type=\"column\" data-e-type=\"column\" data-settings=\"{&quot;background_background&quot;:&quot;classic&quot;}\">\n\t\t\t<div class=\"elementor-widget-wrap elementor-element-populated\">\n\t\t\t\t\t\t<div class=\"elementor-element elementor-element-6b3fefb2 elementor-widget elementor-widget-spacer\" data-id=\"6b3fefb2\" data-element_type=\"widget\" data-e-type=\"widget\" data-widget_type=\"spacer.default\">\n\t\t\t\t<div class=\"elementor-widget-container\">\n\t\t\t\t\t\t\t<div class=\"elementor-spacer\">\n\t\t\t<div class=\"elementor-spacer-inner\"><\/div>\n\t\t<\/div>\n\t\t\t\t\t\t<\/div>\n\t\t\t\t<\/div>\n\t\t\t\t<div class=\"elementor-element elementor-element-53f74866 elementor-invisible elementor-widget elementor-widget-image\" data-id=\"53f74866\" data-element_type=\"widget\" data-e-type=\"widget\" data-settings=\"{&quot;_animation&quot;:&quot;slideInUp&quot;}\" data-widget_type=\"image.default\">\n\t\t\t\t<div class=\"elementor-widget-container\">\n\t\t\t\t\t\t\t\t\t\t\t\t\t\t\t\t<a href=\"https:\/\/www.mayabayrestaurant.com\/fr\/mayamoki\">\n\t\t\t\t\t\t\t<img fetchpriority=\"high\" decoding=\"async\" width=\"720\" height=\"720\" src=\"https:\/\/jvpgroupe.com\/wp-content\/uploads\/2025\/05\/Maya-Moki-site-jv-pastor.png\" class=\"attachment-large size-large wp-image-552169\" alt=\"\" srcset=\"https:\/\/jvpgroupe.com\/wp-content\/uploads\/2025\/05\/Maya-Moki-site-jv-pastor.png 720w, https:\/\/jvpgroupe.com\/wp-content\/uploads\/2025\/05\/Maya-Moki-site-jv-pastor-300x300.png 300w, https:\/\/jvpgroupe.com\/wp-content\/uploads\/2025\/05\/Maya-Moki-site-jv-pastor-150x150.png 150w, https:\/\/jvpgroupe.com\/wp-content\/uploads\/2025\/05\/Maya-Moki-site-jv-pastor-12x12.png 12w\" sizes=\"(max-width: 720px) 100vw, 720px\" \/>\t\t\t\t\t\t\t\t<\/a>\n\t\t\t\t\t\t\t\t\t\t\t\t\t\t\t<\/div>\n\t\t\t\t<\/div>\n\t\t\t\t<div class=\"elementor-element elementor-element-63694b7e elementor-widget elementor-widget-text-editor\" data-id=\"63694b7e\" data-element_type=\"widget\" data-e-type=\"widget\" data-widget_type=\"text-editor.default\">\n\t\t\t\t<div class=\"elementor-widget-container\">\n\t\t\t\t\t\t\t\t\t<p>Maya Moki brings a delicious twist to the traditional Japanese mochi at MayaBay. These ice cream-filled mochis, offered in a variety of Asian-inspired flavors, are a perfect combination of soft, translucent dough and creamy, indulgent centers. Experience these artisanal treats at our Mochi Corner, available to enjoy on-site or take away.<\/p>\t\t\t\t\t\t\t\t<\/div>\n\t\t\t\t<\/div>\n\t\t\t\t<div class=\"elementor-element elementor-element-a02fec6 elementor-align-center elementor-widget elementor-widget-button\" data-id=\"a02fec6\" data-element_type=\"widget\" data-e-type=\"widget\" data-widget_type=\"button.default\">\n\t\t\t\t<div class=\"elementor-widget-container\">\n\t\t\t\t\t\t\t\t\t<div class=\"elementor-button-wrapper\">\n\t\t\t\t\t<a class=\"elementor-button elementor-button-link elementor-size-sm\" href=\"https:\/\/mayamoki.com\/fr\">\n\t\t\t\t\t\t<span class=\"elementor-button-content-wrapper\">\n\t\t\t\t\t\t\t\t\t<span class=\"elementor-button-text\">See More<\/span>\n\t\t\t\t\t<\/span>\n\t\t\t\t\t<\/a>\n\t\t\t\t<\/div>\n\t\t\t\t\t\t\t\t<\/div>\n\t\t\t\t<\/div>\n\t\t\t\t\t<\/div>\n\t\t<\/div>\n\t\t\t\t<div class=\"elementor-column elementor-col-50 elementor-inner-column elementor-element elementor-element-5b9a20d0\" data-id=\"5b9a20d0\" data-element_type=\"column\" data-e-type=\"column\" data-settings=\"{&quot;background_background&quot;:&quot;classic&quot;}\">\n\t\t\t<div class=\"elementor-widget-wrap elementor-element-populated\">\n\t\t\t\t\t\t<div class=\"elementor-element elementor-element-70d09d46 elementor-widget elementor-widget-spacer\" data-id=\"70d09d46\" data-element_type=\"widget\" data-e-type=\"widget\" data-widget_type=\"spacer.default\">\n\t\t\t\t<div class=\"elementor-widget-container\">\n\t\t\t\t\t\t\t<div class=\"elementor-spacer\">\n\t\t\t<div class=\"elementor-spacer-inner\"><\/div>\n\t\t<\/div>\n\t\t\t\t\t\t<\/div>\n\t\t\t\t<\/div>\n\t\t\t\t<div class=\"elementor-element elementor-element-52f0aeb3 elementor-invisible elementor-widget elementor-widget-image\" data-id=\"52f0aeb3\" data-element_type=\"widget\" data-e-type=\"widget\" data-settings=\"{&quot;_animation&quot;:&quot;slideInUp&quot;}\" data-widget_type=\"image.default\">\n\t\t\t\t<div class=\"elementor-widget-container\">\n\t\t\t\t\t\t\t\t\t\t\t\t\t\t\t\t<a href=\"https:\/\/maisonvertueux.com\/\">\n\t\t\t\t\t\t\t<img decoding=\"async\" width=\"720\" height=\"720\" src=\"https:\/\/jvpgroupe.com\/wp-content\/uploads\/2025\/02\/logo-maison-vertueux-noir-square.png\" class=\"attachment-large size-large wp-image-349666\" alt=\"\" srcset=\"https:\/\/jvpgroupe.com\/wp-content\/uploads\/2025\/02\/logo-maison-vertueux-noir-square.png 720w, https:\/\/jvpgroupe.com\/wp-content\/uploads\/2025\/02\/logo-maison-vertueux-noir-square-300x300.png 300w, https:\/\/jvpgroupe.com\/wp-content\/uploads\/2025\/02\/logo-maison-vertueux-noir-square-150x150.png 150w, https:\/\/jvpgroupe.com\/wp-content\/uploads\/2025\/02\/logo-maison-vertueux-noir-square-12x12.png 12w\" sizes=\"(max-width: 720px) 100vw, 720px\" \/>\t\t\t\t\t\t\t\t<\/a>\n\t\t\t\t\t\t\t\t\t\t\t\t\t\t\t<\/div>\n\t\t\t\t<\/div>\n\t\t\t\t<div class=\"elementor-element elementor-element-bcc99db elementor-widget elementor-widget-text-editor\" data-id=\"bcc99db\" data-element_type=\"widget\" data-e-type=\"widget\" data-widget_type=\"text-editor.default\">\n\t\t\t\t<div class=\"elementor-widget-container\">\n\t\t\t\t\t\t\t\t\t<p>Maison Vertueux is a renowned chocolate maker, celebrated for its artisanal expertise and elegant creations crafted with rare, carefully sourced ingredients. Each chocolate embodies a commitment to quality, ethics, and gourmet innovation. Discover their creations in an exclusive pop-up at Maya Altitude.<\/p>\t\t\t\t\t\t\t\t<\/div>\n\t\t\t\t<\/div>\n\t\t\t\t<div class=\"elementor-element elementor-element-485849e elementor-align-center elementor-widget elementor-widget-button\" data-id=\"485849e\" data-element_type=\"widget\" data-e-type=\"widget\" data-widget_type=\"button.default\">\n\t\t\t\t<div class=\"elementor-widget-container\">\n\t\t\t\t\t\t\t\t\t<div class=\"elementor-button-wrapper\">\n\t\t\t\t\t<a class=\"elementor-button elementor-button-link elementor-size-sm\" href=\"https:\/\/maisonvertueux.com\/\">\n\t\t\t\t\t\t<span class=\"elementor-button-content-wrapper\">\n\t\t\t\t\t\t\t\t\t<span class=\"elementor-button-text\">See More<\/span>\n\t\t\t\t\t<\/span>\n\t\t\t\t\t<\/a>\n\t\t\t\t<\/div>\n\t\t\t\t\t\t\t\t<\/div>\n\t\t\t\t<\/div>\n\t\t\t\t\t<\/div>\n\t\t<\/div>\n\t\t\t\t\t<\/div>\n\t\t<\/section>\n\t\t\t\t\t<\/div>\n\t\t<\/div>\n\t\t\t\t\t<\/div>\n\t\t<\/section>\n\t\t\t\t<\/div>","protected":false},"excerpt":{"rendered":"<p>MANUFACTURES JV Pastor Groupe est fi\u00e8re de pr\u00e9senter ses manufactures embl\u00e9matiques, Maison Vertueux et Maya Moki. Maison Vertueux sublime le chocolat avec des ingr\u00e9dients rares et soigneusement s\u00e9lectionn\u00e9s, tandis que Maya Moki r\u00e9invente le mochi japonais \u00e0 travers des cr\u00e9ations glac\u00e9es raffin\u00e9es. Ensemble, elles illustrent notre engagement envers la qualit\u00e9 et l\u2019excellence artisanale. Maya Moki [&hellip;]<\/p>\n","protected":false},"author":5,"featured_media":0,"parent":0,"menu_order":0,"comment_status":"closed","ping_status":"closed","template":"elementor_header_footer","meta":{"footnotes":""},"class_list":["post-349650","page","type-page","status-publish","hentry"],"_links":{"self":[{"href":"https:\/\/jvpgroupe.com\/en\/wp-json\/wp\/v2\/pages\/349650","targetHints":{"allow":["GET"]}}],"collection":[{"href":"https:\/\/jvpgroupe.com\/en\/wp-json\/wp\/v2\/pages"}],"about":[{"href":"https:\/\/jvpgroupe.com\/en\/wp-json\/wp\/v2\/types\/page"}],"author":[{"embeddable":true,"href":"https:\/\/jvpgroupe.com\/en\/wp-json\/wp\/v2\/users\/5"}],"replies":[{"embeddable":true,"href":"https:\/\/jvpgroupe.com\/en\/wp-json\/wp\/v2\/comments?post=349650"}],"version-history":[{"count":13,"href":"https:\/\/jvpgroupe.com\/en\/wp-json\/wp\/v2\/pages\/349650\/revisions"}],"predecessor-version":[{"id":552177,"href":"https:\/\/jvpgroupe.com\/en\/wp-json\/wp\/v2\/pages\/349650\/revisions\/552177"}],"wp:attachment":[{"href":"https:\/\/jvpgroupe.com\/en\/wp-json\/wp\/v2\/media?parent=349650"}],"curies":[{"name":"wp","href":"https:\/\/api.w.org\/{rel}","templated":true}]}}